{"id":36,"date":"2020-02-23T11:59:17","date_gmt":"2020-02-23T11:59:17","guid":{"rendered":"http:\/\/birgit-gropp.de\/dev\/?page_id=36"},"modified":"2024-05-29T09:08:46","modified_gmt":"2024-05-29T09:08:46","slug":"impressum-datenschutz","status":"publish","type":"page","link":"https:\/\/www.birgit-gropp.de\/?page_id=36","title":{"rendered":"Impressum \/ Datenschutz"},"content":{"rendered":"\n<h2>Kontakt<\/h2>\n\n\n\n<p><strong>Herausgeberin<\/strong><br>Dr. Birgit Gropp<br>Vredenweg 19<br>48161 M\u00fcnster<br>Tel. 0251\u20136744645<br>mobil 0178\u20138744645<br>E-Mail office[at]birgit-gropp.de<\/p>\n\n\n\n<p><strong>Fotos<\/strong><br>Portr\u00e4tfoto von Birgit Gropp: \u00a9 Ingrid Hagenhenrich<br>Radierplatten von Ernst Bahn in der Ausstellung &#8222;Ans Licht geholt&#8220;: \u00a9 Henrike Kelsch\/Stadtmuseum M\u00fcnster<br>Haus Harkotten-von Korff von Westen: \u00a9 Andreas Lechtape<br>Landschaftszimmer Haus Harkotten-von Korff: Sabine Niggemann\/\u00a9 LWL-DLBW<br>Kleines B\u00fcrgerhaus in Telgte: \u00a9 Fred Kaspar<br>alle anderen Fotos: \u00a9 Birgit Gropp<\/p>\n\n\n\n<p>Alle Inhalte auf dieser Seite sind urheberrechtlich gesch\u00fctzt \u00a9 Birgit Gropp, M\u00fcnster 2020<\/p>\n\n\n\n<p><strong>Technische Betreuung<\/strong><br>Karsten R\u00f6\u00dfmann<br>Coesfeld<\/p>\n\n\n\n<p><\/p>\n\n\n\n<p><strong>Disclaimer<\/strong><br>Durch Anklicken eines Links verlassen Sie meine Internetseite. Ich \u00fcbernehme keine Haftung f\u00fcr die Inhalte der verlinkten Seiten. F\u00fcr diese sind ausschlie\u00dflich deren Betreiber verantwortlich.<\/p>\n\n\n\n<p><strong>Datenschutzerkl\u00e4rung<\/strong><br><strong>Allgemeiner Hinweis und Pflichtinformationen<\/strong><br><strong>Benennung der verantwortlichen Stelle<\/strong><\/p>\n\n\n\n<p>Die verantwortliche Stelle f\u00fcr die Datenverarbeitung auf dieser Website ist:<\/p>\n\n\n\n<p>Gropp Projektb\u00fcro Kunst und Buch<br>Dr. Birgit Gropp<br>Vredenweg 19<br>48161 M\u00fcnster<\/p>\n\n\n\n<p>Die verantwortliche Stelle entscheidet allein oder gemeinsam mit anderen \u00fcber die Zwecke und Mittel der Verarbeitung von personenbezogenen Daten (z.B. Namen, Kontaktdaten o. \u00c4.).<\/p>\n\n\n\n<p><strong>Widerruf Ihrer Einwilligung zur Datenverarbeitung<\/strong><\/p>\n\n\n\n<p>Nur mit Ihrer ausdr\u00fccklichen Einwilligung sind einige Vorg\u00e4nge der Datenverarbeitung m\u00f6glich. Ein Widerruf Ihrer bereits erteilten Einwilligung ist jederzeit m\u00f6glich. F\u00fcr den Widerruf gen\u00fcgt eine formlose Mitteilung per E-Mail. Die Rechtm\u00e4\u00dfigkeit der bis zum Widerruf erfolgten Datenverarbeitung bleibt vom Widerruf unber\u00fchrt.<\/p>\n\n\n\n<p><strong>Recht auf Beschwerde bei der zust\u00e4ndigen Aufsichtsbeh\u00f6rde<\/strong><\/p>\n\n\n\n<p>Als Betroffener steht Ihnen im Falle eines datenschutzrechtlichen Versto\u00dfes ein Beschwerderecht bei der zust\u00e4ndigen Aufsichtsbeh\u00f6rde zu. Zust\u00e4ndige Aufsichtsbeh\u00f6rde bez\u00fcglich datenschutzrechtlicher Fragen ist der Landesdatenschutzbeauftragte des Bundeslandes, in dem sich der Sitz unseres Unternehmens befindet. Der folgende Link stellt eine Liste der Datenschutzbeauftragten sowie deren Kontaktdaten bereit:&nbsp;<a href=\"https:\/\/www.bfdi.bund.de\/DE\/Infothek\/Anschriften_Links\/anschriften_links-node.html\" target=\"_blank\" rel=\"noreferrer noopener\">https:\/\/www.bfdi.bund.de\/DE\/Infothek\/Anschriften_Links\/anschriften_links-node.html<\/a>.<\/p>\n\n\n\n<p><strong>Recht auf Daten\u00fcbertragbarkeit<\/strong><\/p>\n\n\n\n<p>Ihnen steht das Recht zu, Daten, die wir auf Grundlage Ihrer Einwilligung oder in Erf\u00fcllung eines Vertrags automatisiert verarbeiten, an sich oder an Dritte aush\u00e4ndigen zu lassen. Die Bereitstellung erfolgt in einem maschinenlesbaren Format. Sofern Sie die direkte \u00dcbertragung der Daten an einen anderen Verantwortlichen verlangen, erfolgt dies nur, soweit es technisch machbar ist.<\/p>\n\n\n\n<p><strong>Recht auf Auskunft, Berichtigung, Sperrung, L\u00f6schung<\/strong><\/p>\n\n\n\n<p>Sie haben jederzeit im Rahmen der geltenden gesetzlichen Bestimmungen das Recht auf unentgeltliche Auskunft \u00fcber Ihre gespeicherten personenbezogenen Daten, Herkunft der Daten, deren Empf\u00e4nger und den Zweck der Datenverarbeitung und ggf. ein Recht auf Berichtigung, Sperrung oder L\u00f6schung dieser Daten. Diesbez\u00fcglich und auch zu weiteren Fragen zum Thema personenbezogene Daten k\u00f6nnen Sie sich jederzeit \u00fcber die im Impressum aufgef\u00fchrten Kontaktm\u00f6glichkeiten an uns wenden.<\/p>\n\n\n\n<p><strong>SSL- bzw. TLS-Verschl\u00fcsselung<\/strong><\/p>\n\n\n\n<p>Aus Sicherheitsgr\u00fcnden und zum Schutz der \u00dcbertragung vertraulicher Inhalte, die Sie an uns als Seitenbetreiber senden, nutzt unsere Website eine SSL-bzw. TLS-Verschl\u00fcsselung. Damit sind Daten, die Sie \u00fcber diese Website \u00fcbermitteln, f\u00fcr Dritte nicht mitlesbar. Sie erkennen eine verschl\u00fcsselte Verbindung an der \u201ehttps:\/\/\u201c Adresszeile Ihres Browsers und am Schloss-Symbol in der Browserzeile.<\/p>\n\n\n\n<p><strong>Server-Log-Dateien<\/strong><\/p>\n\n\n\n<p>In Server-Log-Dateien erhebt und speichert der Provider der Website automatisch Informationen, die Ihr Browser automatisch an uns \u00fcbermittelt. Dies sind:<\/p>\n\n\n\n<ul><li>Besuchte Seite auf unserer Domain<\/li><li>Datum und Uhrzeit der Serveranfrage<\/li><li>Browsertyp und Browserversion<\/li><li>Verwendetes Betriebssystem<\/li><li>Referrer URL<\/li><li>Hostname des zugreifenden Rechners<\/li><li>IP-Adresse<\/li><\/ul>\n\n\n\n<p>Es findet keine Zusammenf\u00fchrung dieser Daten mit anderen Datenquellen statt. Grundlage der Datenverarbeitung bildet Art. 6 Abs. 1 lit. b DSGVO, der die Verarbeitung von Daten zur Erf\u00fcllung eines Vertrags oder vorvertraglicher Ma\u00dfnahmen gestattet.<\/p>\n\n\n\n<p>Quelle: Datenschutz-Konfigurator von&nbsp;<a href=\"http:\/\/www.mein-datenschutzbeauftragter.de\" target=\"_blank\" rel=\"noreferrer noopener\">mein-datenschutzbeauftragter.de<\/a><\/p>\n","protected":false},"excerpt":{"rendered":"<p>Kontakt HerausgeberinDr. Birgit GroppVredenweg 1948161 M\u00fcnsterTel. 0251\u20136744645mobil 0178\u20138744645E-Mail office[at]birgit-gropp.de FotosPortr\u00e4tfoto von Birgit Gropp: \u00a9 Ingrid HagenhenrichRadierplatten von Ernst Bahn in der Ausstellung &#8222;Ans Licht geholt&#8220;: \u00a9 Henrike Kelsch\/Stadtmuseum M\u00fcnsterHaus Harkotten-von Korff von Westen: \u00a9 Andreas LechtapeLandschaftszimmer Haus Harkotten-von Korff: Sabine Niggemann\/\u00a9 LWL-DLBWKleines B\u00fcrgerhaus in Telgte: \u00a9 Fred Kasparalle anderen Fotos: \u00a9 Birgit Gropp Alle Inhalte [&hellip;]<\/p>\n","protected":false},"author":1,"featured_media":0,"parent":0,"menu_order":0,"comment_status":"closed","ping_status":"closed","template":"","meta":{"spay_email":""},"wps_subtitle":"","_links":{"self":[{"href":"https:\/\/www.birgit-gropp.de\/index.php?rest_route=\/wp\/v2\/pages\/36"}],"collection":[{"href":"https:\/\/www.birgit-gropp.de\/index.php?rest_route=\/wp\/v2\/pages"}],"about":[{"href":"https:\/\/www.birgit-gropp.de\/index.php?rest_route=\/wp\/v2\/types\/page"}],"author":[{"embeddable":true,"href":"https:\/\/www.birgit-gropp.de\/index.php?rest_route=\/wp\/v2\/users\/1"}],"replies":[{"embeddable":true,"href":"https:\/\/www.birgit-gropp.de\/index.php?rest_route=%2Fwp%2Fv2%2Fcomments&post=36"}],"version-history":[{"count":12,"href":"https:\/\/www.birgit-gropp.de\/index.php?rest_route=\/wp\/v2\/pages\/36\/revisions"}],"predecessor-version":[{"id":760,"href":"https:\/\/www.birgit-gropp.de\/index.php?rest_route=\/wp\/v2\/pages\/36\/revisions\/760"}],"wp:attachment":[{"href":"https:\/\/www.birgit-gropp.de\/index.php?rest_route=%2Fwp%2Fv2%2Fmedia&parent=36"}],"curies":[{"name":"wp","href":"https:\/\/api.w.org\/{rel}","templated":true}]}}